{"id":12,"date":"2025-08-11T21:50:45","date_gmt":"2025-08-12T02:50:45","guid":{"rendered":"https:\/\/linesnlights.com\/carrito\/"},"modified":"2025-08-12T00:07:36","modified_gmt":"2025-08-12T05:07:36","slug":"carrito","status":"publish","type":"page","link":"https:\/\/linesnlights.com\/?page_id=12","title":{"rendered":"Carrito"},"content":{"rendered":"\n<div data-block-name=\"woocommerce\/cart\" class=\"wp-block-woocommerce-cart alignwide is-loading\">\n<div data-block-name=\"woocommerce\/filled-cart-block\" class=\"wp-block-woocommerce-filled-cart-block\">\n<div data-block-name=\"woocommerce\/cart-items-block\" class=\"wp-block-woocommerce-cart-items-block\">\n<div data-block-name=\"woocommerce\/cart-line-items-block\" class=\"wp-block-woocommerce-cart-line-items-block\"><\/div>\n\n\n\n<div data-block-name=\"woocommerce\/cart-cross-sells-block\" class=\"wp-block-woocommerce-cart-cross-sells-block\">\n<h2 class=\"wp-block-heading has-large-font-size\">Puede que te interese\u2026<\/h2>\n\n\n\n<div data-block-name=\"woocommerce\/cart-cross-sells-products-block\" class=\"wp-block-woocommerce-cart-cross-sells-products-block\"><\/div>\n<\/div>\n<\/div>\n\n\n\n<div data-block-name=\"woocommerce\/cart-totals-block\" class=\"wp-block-woocommerce-cart-totals-block\">\n<div data-block-name=\"woocommerce\/cart-order-summary-block\" class=\"wp-block-woocommerce-cart-order-summary-block\">\n<div data-block-name=\"woocommerce\/cart-order-summary-heading-block\" class=\"wp-block-woocommerce-cart-order-summary-heading-block\"><\/div><div data-block-name=\"woocommerce\/cart-order-summary-coupon-form-block\" class=\"wp-block-woocommerce-cart-order-summary-coupon-form-block\"><\/div><div data-block-name=\"woocommerce\/cart-order-summary-totals-block\" class=\"wp-block-woocommerce-cart-order-summary-totals-block\">\n<div data-block-name=\"woocommerce\/cart-order-summary-subtotal-block\" class=\"wp-block-woocommerce-cart-order-summary-subtotal-block\"><\/div>\n<div data-block-name=\"woocommerce\/cart-order-summary-discount-block\" class=\"wp-block-woocommerce-cart-order-summary-discount-block\"><\/div>\n<div data-block-name=\"woocommerce\/cart-order-summary-fee-block\" class=\"wp-block-woocommerce-cart-order-summary-fee-block\"><\/div>\n<div data-block-name=\"woocommerce\/cart-order-summary-shipping-block\" class=\"wp-block-woocommerce-cart-order-summary-shipping-block\"><\/div>\n<div data-block-name=\"woocommerce\/cart-order-summary-taxes-block\" class=\"wp-block-woocommerce-cart-order-summary-taxes-block\"><\/div><\/div>\n<\/div>\n\n\n\n<div data-block-name=\"woocommerce\/cart-express-payment-block\" class=\"wp-block-woocommerce-cart-express-payment-block\"><\/div>\n\n\n\n<div data-block-name=\"woocommerce\/proceed-to-checkout-block\" class=\"wp-block-woocommerce-proceed-to-checkout-block\"><\/div>\n\n\n\n<div data-block-name=\"woocommerce\/cart-accepted-payment-methods-block\" class=\"wp-block-woocommerce-cart-accepted-payment-methods-block\"><\/div>\n<\/div>\n<\/div>\n\n\n\n<div data-block-name=\"woocommerce\/empty-cart-block\" class=\"wp-block-woocommerce-empty-cart-block\">\n<h2 class=\"wp-block-heading has-text-align-center with-empty-cart-icon wc-block-cart__empty-cart__title\">\u00a1Tu carrito actualmente est\u00e1 vac\u00edo!<\/h2>\n\n\n\n<hr class=\"wp-block-separator has-alpha-channel-opacity is-style-dots\"\/>\n\n\n\n<h2 class=\"wp-block-heading has-text-align-center\">Nuevo en la tienda<\/h2>\n\n\n<div data-block-name=\"woocommerce\/product-new\" data-columns=\"4\" data-rows=\"1\" class=\"wc-block-grid wp-block-product-new wp-block-woocommerce-product-new wc-block-product-new has-4-columns\"><ul class=\"wc-block-grid__products\"><li class=\"wc-block-grid__product\">\n\t\t\t\t<a href=\"https:\/\/linesnlights.com\/?product=litolamp-3c\" class=\"wc-block-grid__product-link\">\n\t\t\t\t\t\n\t\t\t\t\t<div class=\"wc-block-grid__product-image\"><img loading=\"lazy\" decoding=\"async\" width=\"300\" height=\"300\" src=\"https:\/\/linesnlights.com\/wp-content\/uploads\/2026\/03\/LitoLamp-3c-300x300.png\" class=\"attachment-woocommerce_thumbnail size-woocommerce_thumbnail\" alt=\"Lito Lamp 3c\" srcset=\"https:\/\/linesnlights.com\/wp-content\/uploads\/2026\/03\/LitoLamp-3c-300x300.png 300w, https:\/\/linesnlights.com\/wp-content\/uploads\/2026\/03\/LitoLamp-3c-1024x1024.png 1024w, https:\/\/linesnlights.com\/wp-content\/uploads\/2026\/03\/LitoLamp-3c-150x150.png 150w, https:\/\/linesnlights.com\/wp-content\/uploads\/2026\/03\/LitoLamp-3c-768x768.png 768w, https:\/\/linesnlights.com\/wp-content\/uploads\/2026\/03\/LitoLamp-3c-600x600.png 600w, https:\/\/linesnlights.com\/wp-content\/uploads\/2026\/03\/LitoLamp-3c-100x100.png 100w, https:\/\/linesnlights.com\/wp-content\/uploads\/2026\/03\/LitoLamp-3c.png 1080w\" sizes=\"auto, (max-width: 300px) 100vw, 300px\" \/><\/div>\n\t\t\t\t\t<div class=\"wc-block-grid__product-title\">Lito Lamp 3c<\/div>\n\t\t\t\t<\/a>\n\t\t\t\t<div class=\"wc-block-grid__product-price price\"><span class=\"woocommerce-Price-amount amount\"><span class=\"woocommerce-Price-currencySymbol\">&#036;<\/span>&nbsp;200.000<\/span><\/div>\n\t\t\t\t\n\t\t\t\t<div class=\"wp-block-button wc-block-grid__product-add-to-cart\"><a href=\"\/index.php?rest_route=%2Fwp%2Fv2%2Fpages%2F12&#038;add-to-cart=136\" aria-label=\"A\u00f1adir al carrito: &ldquo;Lito Lamp 3c&rdquo;\" data-quantity=\"1\" data-product_id=\"136\" data-product_sku=\"\" data-price=\"200000\" rel=\"nofollow\" class=\"wp-block-button__link wp-element-button add_to_cart_button ajax_add_to_cart\">A\u00f1adir al carrito<\/a><\/div>\n\t\t\t<\/li><li class=\"wc-block-grid__product\">\n\t\t\t\t<a href=\"https:\/\/linesnlights.com\/?product=lito-llavero\" class=\"wc-block-grid__product-link\">\n\t\t\t\t\t\n\t\t\t\t\t<div class=\"wc-block-grid__product-image\"><img loading=\"lazy\" decoding=\"async\" width=\"300\" height=\"300\" src=\"https:\/\/linesnlights.com\/wp-content\/uploads\/2026\/02\/Sin-titulo-1_0000_IMG_20260223_125233-300x300.png\" class=\"attachment-woocommerce_thumbnail size-woocommerce_thumbnail\" alt=\"Lito Llavero\" srcset=\"https:\/\/linesnlights.com\/wp-content\/uploads\/2026\/02\/Sin-titulo-1_0000_IMG_20260223_125233-300x300.png 300w, https:\/\/linesnlights.com\/wp-content\/uploads\/2026\/02\/Sin-titulo-1_0000_IMG_20260223_125233-1024x1024.png 1024w, https:\/\/linesnlights.com\/wp-content\/uploads\/2026\/02\/Sin-titulo-1_0000_IMG_20260223_125233-150x150.png 150w, https:\/\/linesnlights.com\/wp-content\/uploads\/2026\/02\/Sin-titulo-1_0000_IMG_20260223_125233-768x768.png 768w, https:\/\/linesnlights.com\/wp-content\/uploads\/2026\/02\/Sin-titulo-1_0000_IMG_20260223_125233-600x600.png 600w, https:\/\/linesnlights.com\/wp-content\/uploads\/2026\/02\/Sin-titulo-1_0000_IMG_20260223_125233-100x100.png 100w, https:\/\/linesnlights.com\/wp-content\/uploads\/2026\/02\/Sin-titulo-1_0000_IMG_20260223_125233.png 1080w\" sizes=\"auto, (max-width: 300px) 100vw, 300px\" \/><\/div>\n\t\t\t\t\t<div class=\"wc-block-grid__product-title\">Lito Llavero<\/div>\n\t\t\t\t<\/a>\n\t\t\t\t<div class=\"wc-block-grid__product-price price\"><span class=\"woocommerce-Price-amount amount\" aria-hidden=\"true\"><span class=\"woocommerce-Price-currencySymbol\">&#036;<\/span>&nbsp;25.000<\/span> <span aria-hidden=\"true\">&ndash;<\/span> <span class=\"woocommerce-Price-amount amount\" aria-hidden=\"true\"><span class=\"woocommerce-Price-currencySymbol\">&#036;<\/span>&nbsp;70.000<\/span><span class=\"screen-reader-text\">Price range: &#036;&nbsp;25.000 through &#036;&nbsp;70.000<\/span><\/div>\n\t\t\t\t\n\t\t\t\t<div class=\"wp-block-button wc-block-grid__product-add-to-cart\"><a href=\"https:\/\/linesnlights.com\/?product=lito-llavero\" aria-label=\"Elige las opciones para &ldquo;Lito Llavero&rdquo;\" data-quantity=\"1\" data-product_id=\"83\" data-product_sku=\"1000\" data-price=\"25000\" rel=\"nofollow\" class=\"wp-block-button__link wp-element-button add_to_cart_button\">Seleccionar opciones<\/a><\/div>\n\t\t\t<\/li><li class=\"wc-block-grid__product\">\n\t\t\t\t<a href=\"https:\/\/linesnlights.com\/?product=retrato-luminico\" class=\"wc-block-grid__product-link\">\n\t\t\t\t\t\n\t\t\t\t\t<div class=\"wc-block-grid__product-image\"><img loading=\"lazy\" decoding=\"async\" width=\"300\" height=\"300\" src=\"https:\/\/linesnlights.com\/wp-content\/uploads\/2026\/02\/Sin-titulo-1_0001_IMG_20260223_125209-300x300.png\" class=\"attachment-woocommerce_thumbnail size-woocommerce_thumbnail\" alt=\"Retrato lum\u00ednico\" srcset=\"https:\/\/linesnlights.com\/wp-content\/uploads\/2026\/02\/Sin-titulo-1_0001_IMG_20260223_125209-300x300.png 300w, https:\/\/linesnlights.com\/wp-content\/uploads\/2026\/02\/Sin-titulo-1_0001_IMG_20260223_125209-1024x1024.png 1024w, https:\/\/linesnlights.com\/wp-content\/uploads\/2026\/02\/Sin-titulo-1_0001_IMG_20260223_125209-150x150.png 150w, https:\/\/linesnlights.com\/wp-content\/uploads\/2026\/02\/Sin-titulo-1_0001_IMG_20260223_125209-768x768.png 768w, https:\/\/linesnlights.com\/wp-content\/uploads\/2026\/02\/Sin-titulo-1_0001_IMG_20260223_125209-600x600.png 600w, https:\/\/linesnlights.com\/wp-content\/uploads\/2026\/02\/Sin-titulo-1_0001_IMG_20260223_125209-100x100.png 100w, https:\/\/linesnlights.com\/wp-content\/uploads\/2026\/02\/Sin-titulo-1_0001_IMG_20260223_125209.png 1080w\" sizes=\"auto, (max-width: 300px) 100vw, 300px\" \/><\/div>\n\t\t\t\t\t<div class=\"wc-block-grid__product-title\">Retrato lum\u00ednico<\/div>\n\t\t\t\t<\/a>\n\t\t\t\t<div class=\"wc-block-grid__product-price price\"><span class=\"woocommerce-Price-amount amount\"><span class=\"woocommerce-Price-currencySymbol\">&#036;<\/span>&nbsp;150.000<\/span><\/div>\n\t\t\t\t\n\t\t\t\t<div class=\"wp-block-button wc-block-grid__product-add-to-cart\"><a href=\"\/index.php?rest_route=%2Fwp%2Fv2%2Fpages%2F12&#038;add-to-cart=38\" aria-label=\"A\u00f1adir al carrito: &ldquo;Retrato lum\u00ednico&rdquo;\" data-quantity=\"1\" data-product_id=\"38\" data-product_sku=\"\" data-price=\"150000\" rel=\"nofollow\" class=\"wp-block-button__link wp-element-button add_to_cart_button ajax_add_to_cart\">A\u00f1adir al carrito<\/a><\/div>\n\t\t\t<\/li><\/ul><\/div><\/div>\n<\/div>\n","protected":false},"excerpt":{"rendered":"","protected":false},"author":1,"featured_media":0,"parent":0,"menu_order":0,"comment_status":"closed","ping_status":"closed","template":"","meta":{"_acf_changed":false,"footnotes":""},"class_list":["post-12","page","type-page","status-publish","hentry"],"acf":[],"yoast_head":"<!-- This site is optimized with the Yoast SEO plugin v27.2 - https:\/\/yoast.com\/product\/yoast-seo-wordpress\/ -->\n<title>Carrito - http:\/\/linesnlights.com<\/title>\n<meta name=\"robots\" content=\"index, follow, max-snippet:-1, max-image-preview:large, max-video-preview:-1\" \/>\n<link rel=\"canonical\" href=\"https:\/\/linesnlights.com\/?page_id=12\" \/>\n<meta property=\"og:locale\" content=\"es_ES\" \/>\n<meta property=\"og:type\" content=\"article\" \/>\n<meta property=\"og:title\" content=\"Carrito - http:\/\/linesnlights.com\" \/>\n<meta property=\"og:url\" content=\"https:\/\/linesnlights.com\/?page_id=12\" \/>\n<meta property=\"og:site_name\" content=\"http:\/\/linesnlights.com\" \/>\n<meta property=\"article:publisher\" content=\"https:\/\/www.facebook.com\/people\/Lines-Lights\/61580644528999\/\" \/>\n<meta property=\"article:modified_time\" content=\"2025-08-12T05:07:36+00:00\" \/>\n<meta property=\"og:image\" content=\"https:\/\/linesnlights.com\/wp-content\/uploads\/2025\/09\/imagen_2025-09-10_224204040.png\" \/>\n\t<meta property=\"og:image:width\" content=\"715\" \/>\n\t<meta property=\"og:image:height\" content=\"555\" \/>\n\t<meta property=\"og:image:type\" content=\"image\/png\" \/>\n<meta name=\"twitter:card\" content=\"summary_large_image\" \/>\n<script type=\"application\/ld+json\" class=\"yoast-schema-graph\">{\"@context\":\"https:\/\/schema.org\",\"@graph\":[{\"@type\":\"WebPage\",\"@id\":\"https:\/\/linesnlights.com\/?page_id=12\",\"url\":\"https:\/\/linesnlights.com\/?page_id=12\",\"name\":\"Carrito - http:\/\/linesnlights.com\",\"isPartOf\":{\"@id\":\"http:\/\/linesnlights.com\/#website\"},\"datePublished\":\"2025-08-12T02:50:45+00:00\",\"dateModified\":\"2025-08-12T05:07:36+00:00\",\"breadcrumb\":{\"@id\":\"https:\/\/linesnlights.com\/?page_id=12#breadcrumb\"},\"inLanguage\":\"es-CO\",\"potentialAction\":[{\"@type\":\"ReadAction\",\"target\":[\"https:\/\/linesnlights.com\/?page_id=12\"]}]},{\"@type\":\"BreadcrumbList\",\"@id\":\"https:\/\/linesnlights.com\/?page_id=12#breadcrumb\",\"itemListElement\":[{\"@type\":\"ListItem\",\"position\":1,\"name\":\"Inicio\",\"item\":\"https:\/\/linesnlights.com\/\"},{\"@type\":\"ListItem\",\"position\":2,\"name\":\"Carrito\"}]},{\"@type\":\"WebSite\",\"@id\":\"http:\/\/linesnlights.com\/#website\",\"url\":\"http:\/\/linesnlights.com\/\",\"name\":\"http:\/\/linesnlights.com\",\"description\":\"Litofan\u00edas en llaveros, L\u00e1mparas, luces, portal\u00e1pices y decorativos para mesa y escritorio.  Bogot\u00e1 Colombia.\",\"publisher\":{\"@id\":\"http:\/\/linesnlights.com\/#organization\"},\"alternateName\":\"Lines & Lights\",\"potentialAction\":[{\"@type\":\"SearchAction\",\"target\":{\"@type\":\"EntryPoint\",\"urlTemplate\":\"http:\/\/linesnlights.com\/?s={search_term_string}\"},\"query-input\":{\"@type\":\"PropertyValueSpecification\",\"valueRequired\":true,\"valueName\":\"search_term_string\"}}],\"inLanguage\":\"es-CO\"},{\"@type\":\"Organization\",\"@id\":\"http:\/\/linesnlights.com\/#organization\",\"name\":\"http:\/\/linesnlights.com\",\"url\":\"http:\/\/linesnlights.com\/\",\"logo\":{\"@type\":\"ImageObject\",\"inLanguage\":\"es-CO\",\"@id\":\"http:\/\/linesnlights.com\/#\/schema\/logo\/image\/\",\"url\":\"http:\/\/linesnlights.com\/wp-content\/uploads\/2025\/09\/imagen_2025-09-10_224204040.png\",\"contentUrl\":\"http:\/\/linesnlights.com\/wp-content\/uploads\/2025\/09\/imagen_2025-09-10_224204040.png\",\"width\":715,\"height\":555,\"caption\":\"http:\/\/linesnlights.com\"},\"image\":{\"@id\":\"http:\/\/linesnlights.com\/#\/schema\/logo\/image\/\"},\"sameAs\":[\"https:\/\/www.facebook.com\/people\/Lines-Lights\/61580644528999\/\",\"https:\/\/www.instagram.com\/linesnlights.col\/\",\"https:\/\/www.tiktok.com\/@linesnlights\"]}]}<\/script>\n<!-- \/ Yoast SEO plugin. -->","yoast_head_json":{"title":"Carrito - http:\/\/linesnlights.com","robots":{"index":"index","follow":"follow","max-snippet":"max-snippet:-1","max-image-preview":"max-image-preview:large","max-video-preview":"max-video-preview:-1"},"canonical":"https:\/\/linesnlights.com\/?page_id=12","og_locale":"es_ES","og_type":"article","og_title":"Carrito - http:\/\/linesnlights.com","og_url":"https:\/\/linesnlights.com\/?page_id=12","og_site_name":"http:\/\/linesnlights.com","article_publisher":"https:\/\/www.facebook.com\/people\/Lines-Lights\/61580644528999\/","article_modified_time":"2025-08-12T05:07:36+00:00","og_image":[{"width":715,"height":555,"url":"https:\/\/linesnlights.com\/wp-content\/uploads\/2025\/09\/imagen_2025-09-10_224204040.png","type":"image\/png"}],"twitter_card":"summary_large_image","schema":{"@context":"https:\/\/schema.org","@graph":[{"@type":"WebPage","@id":"https:\/\/linesnlights.com\/?page_id=12","url":"https:\/\/linesnlights.com\/?page_id=12","name":"Carrito - http:\/\/linesnlights.com","isPartOf":{"@id":"http:\/\/linesnlights.com\/#website"},"datePublished":"2025-08-12T02:50:45+00:00","dateModified":"2025-08-12T05:07:36+00:00","breadcrumb":{"@id":"https:\/\/linesnlights.com\/?page_id=12#breadcrumb"},"inLanguage":"es-CO","potentialAction":[{"@type":"ReadAction","target":["https:\/\/linesnlights.com\/?page_id=12"]}]},{"@type":"BreadcrumbList","@id":"https:\/\/linesnlights.com\/?page_id=12#breadcrumb","itemListElement":[{"@type":"ListItem","position":1,"name":"Inicio","item":"https:\/\/linesnlights.com\/"},{"@type":"ListItem","position":2,"name":"Carrito"}]},{"@type":"WebSite","@id":"http:\/\/linesnlights.com\/#website","url":"http:\/\/linesnlights.com\/","name":"http:\/\/linesnlights.com","description":"Litofan\u00edas en llaveros, L\u00e1mparas, luces, portal\u00e1pices y decorativos para mesa y escritorio.  Bogot\u00e1 Colombia.","publisher":{"@id":"http:\/\/linesnlights.com\/#organization"},"alternateName":"Lines & Lights","potentialAction":[{"@type":"SearchAction","target":{"@type":"EntryPoint","urlTemplate":"http:\/\/linesnlights.com\/?s={search_term_string}"},"query-input":{"@type":"PropertyValueSpecification","valueRequired":true,"valueName":"search_term_string"}}],"inLanguage":"es-CO"},{"@type":"Organization","@id":"http:\/\/linesnlights.com\/#organization","name":"http:\/\/linesnlights.com","url":"http:\/\/linesnlights.com\/","logo":{"@type":"ImageObject","inLanguage":"es-CO","@id":"http:\/\/linesnlights.com\/#\/schema\/logo\/image\/","url":"http:\/\/linesnlights.com\/wp-content\/uploads\/2025\/09\/imagen_2025-09-10_224204040.png","contentUrl":"http:\/\/linesnlights.com\/wp-content\/uploads\/2025\/09\/imagen_2025-09-10_224204040.png","width":715,"height":555,"caption":"http:\/\/linesnlights.com"},"image":{"@id":"http:\/\/linesnlights.com\/#\/schema\/logo\/image\/"},"sameAs":["https:\/\/www.facebook.com\/people\/Lines-Lights\/61580644528999\/","https:\/\/www.instagram.com\/linesnlights.col\/","https:\/\/www.tiktok.com\/@linesnlights"]}]}},"_hostinger_reach_plugin_has_subscription_block":false,"_hostinger_reach_plugin_is_elementor":false,"_links":{"self":[{"href":"https:\/\/linesnlights.com\/index.php?rest_route=\/wp\/v2\/pages\/12","targetHints":{"allow":["GET"]}}],"collection":[{"href":"https:\/\/linesnlights.com\/index.php?rest_route=\/wp\/v2\/pages"}],"about":[{"href":"https:\/\/linesnlights.com\/index.php?rest_route=\/wp\/v2\/types\/page"}],"author":[{"embeddable":true,"href":"https:\/\/linesnlights.com\/index.php?rest_route=\/wp\/v2\/users\/1"}],"replies":[{"embeddable":true,"href":"https:\/\/linesnlights.com\/index.php?rest_route=%2Fwp%2Fv2%2Fcomments&post=12"}],"version-history":[{"count":1,"href":"https:\/\/linesnlights.com\/index.php?rest_route=\/wp\/v2\/pages\/12\/revisions"}],"predecessor-version":[{"id":25,"href":"https:\/\/linesnlights.com\/index.php?rest_route=\/wp\/v2\/pages\/12\/revisions\/25"}],"wp:attachment":[{"href":"https:\/\/linesnlights.com\/index.php?rest_route=%2Fwp%2Fv2%2Fmedia&parent=12"}],"curies":[{"name":"wp","href":"https:\/\/api.w.org\/{rel}","templated":true}]}}