{"id":136,"date":"2026-03-18T01:31:01","date_gmt":"2026-03-18T06:31:01","guid":{"rendered":"https:\/\/linesnlights.com\/?post_type=product&#038;p=136"},"modified":"2026-03-22T19:21:11","modified_gmt":"2026-03-23T00:21:11","slug":"litolamp-3c","status":"publish","type":"product","link":"https:\/\/linesnlights.com\/?product=litolamp-3c","title":{"rendered":"Lito Lamp 3c"},"content":{"rendered":"<h2>Un dise\u00f1o \u00fanico que combina elegancia y sostenibilidad<\/h2>\n<p>Descubre la l\u00e1mpara personalizable perfecta para complementar tu espacio de trabajo o mesa de noche. Con una base de 15 cm y una altura de 20 cm, este producto destaca por su dise\u00f1o moderno y funcional. Adem\u00e1s, incluye tres litofanias personalizables de 13.5 cm, donde puedes agregar tus momentos m\u00e1s preciados, como fotograf\u00edas de familiares, amigos, viajes o incluso mascotas.<\/p>\n<h2>Materiales ecol\u00f3gicos de alta calidad<\/h2>\n<p>Esta l\u00e1mpara no solo es hermosa, sino que tambi\u00e9n es responsable con el medio ambiente. Est\u00e1 fabricada en biopol\u00edmeros a base de resinas y almidones vegetales totalmente compostables. Es una excelente opci\u00f3n para quienes buscan incorporar productos sostenibles en su hogar sin renunciar al estilo y la calidad. Los materiales resisten el uso diario y est\u00e1n dise\u00f1ados para durar mientras dejan una huella m\u00ednima en el planeta.<\/p>\n<h2>Un regalo ideal y personalizable<\/h2>\n<p>Si buscas un regalo \u00fanico y personalizado, no busques m\u00e1s. Esta l\u00e1mpara te permite crear recuerdos inolvidables al plasmar fotos especiales en cada una de las litofanias. Es ideal para cualquier ocasi\u00f3n: cumplea\u00f1os, aniversarios, o incluso como un detalle sorpresa para alguien especial. Adem\u00e1s, su tama\u00f1o compacto permite que se adapte a cualquier espacio, desde escritorios hasta mesas auxiliares, aportando una calidez y personalidad que har\u00e1 de cualquier rinc\u00f3n un lugar acogedor.<\/p>\n<p>Haz de esta l\u00e1mpara un elemento decorativo que ilumina con creatividad y recuerda los momentos que hacen la vida m\u00e1s especial.<\/p>\n","protected":false},"excerpt":{"rendered":"<p>Un dise\u00f1o \u00fanico que combina elegancia y sostenibilidad Descubre la l\u00e1mpara personalizable perfecta para complementar tu espacio de trabajo o mesa de noche. Con una base de 15 cm y una altura de 20 cm, este producto destaca por su dise\u00f1o moderno y funcional. Adem\u00e1s, incluye tres litofanias personalizables de 13.5 cm, donde puedes agregar [&hellip;]<\/p>\n","protected":false},"featured_media":141,"comment_status":"open","ping_status":"closed","template":"","meta":{"_acf_changed":false},"product_brand":[],"product_cat":[15],"product_tag":[],"class_list":{"0":"post-136","1":"product","2":"type-product","3":"status-publish","4":"has-post-thumbnail","6":"product_cat-sin-categorizar","8":"first","9":"instock","10":"shipping-taxable","11":"purchasable","12":"product-type-simple"},"acf":[],"yoast_head":"<!-- This site is optimized with the Yoast SEO plugin v27.2 - https:\/\/yoast.com\/product\/yoast-seo-wordpress\/ -->\n<title>Lito Lamp 3c - http:\/\/linesnlights.com<\/title>\n<meta name=\"robots\" content=\"index, follow, max-snippet:-1, max-image-preview:large, max-video-preview:-1\" \/>\n<link rel=\"canonical\" href=\"https:\/\/linesnlights.com\/?product=litolamp-3c\" \/>\n<meta property=\"og:locale\" content=\"es_ES\" \/>\n<meta property=\"og:type\" content=\"article\" \/>\n<meta property=\"og:title\" content=\"Lito Lamp 3c - http:\/\/linesnlights.com\" \/>\n<meta property=\"og:description\" content=\"Un dise\u00f1o \u00fanico que combina elegancia y sostenibilidad Descubre la l\u00e1mpara personalizable perfecta para complementar tu espacio de trabajo o mesa de noche. Con una base de 15 cm y una altura de 20 cm, este producto destaca por su dise\u00f1o moderno y funcional. Adem\u00e1s, incluye tres litofanias personalizables de 13.5 cm, donde puedes agregar [&hellip;]\" \/>\n<meta property=\"og:url\" content=\"https:\/\/linesnlights.com\/?product=litolamp-3c\" \/>\n<meta property=\"og:site_name\" content=\"http:\/\/linesnlights.com\" \/>\n<meta property=\"article:publisher\" content=\"https:\/\/www.facebook.com\/people\/Lines-Lights\/61580644528999\/\" \/>\n<meta property=\"article:modified_time\" content=\"2026-03-23T00:21:11+00:00\" \/>\n<meta property=\"og:image\" content=\"https:\/\/linesnlights.com\/wp-content\/uploads\/2026\/03\/LitoLamp-3c.png\" \/>\n\t<meta property=\"og:image:width\" content=\"1080\" \/>\n\t<meta property=\"og:image:height\" content=\"1080\" \/>\n\t<meta property=\"og:image:type\" content=\"image\/png\" \/>\n<meta name=\"twitter:card\" content=\"summary_large_image\" \/>\n<meta name=\"twitter:label1\" content=\"Tiempo de lectura\" \/>\n\t<meta name=\"twitter:data1\" content=\"1 minuto\" \/>\n<script type=\"application\/ld+json\" class=\"yoast-schema-graph\">{\"@context\":\"https:\/\/schema.org\",\"@graph\":[{\"@type\":\"WebPage\",\"@id\":\"https:\/\/linesnlights.com\/?product=litolamp-3c\",\"url\":\"https:\/\/linesnlights.com\/?product=litolamp-3c\",\"name\":\"Lito Lamp 3c - http:\/\/linesnlights.com\",\"isPartOf\":{\"@id\":\"https:\/\/linesnlights.com\/#website\"},\"primaryImageOfPage\":{\"@id\":\"https:\/\/linesnlights.com\/?product=litolamp-3c#primaryimage\"},\"image\":{\"@id\":\"https:\/\/linesnlights.com\/?product=litolamp-3c#primaryimage\"},\"thumbnailUrl\":\"https:\/\/linesnlights.com\/wp-content\/uploads\/2026\/03\/LitoLamp-3c.png\",\"datePublished\":\"2026-03-18T06:31:01+00:00\",\"dateModified\":\"2026-03-23T00:21:11+00:00\",\"breadcrumb\":{\"@id\":\"https:\/\/linesnlights.com\/?product=litolamp-3c#breadcrumb\"},\"inLanguage\":\"es-CO\",\"potentialAction\":[{\"@type\":\"ReadAction\",\"target\":[\"https:\/\/linesnlights.com\/?product=litolamp-3c\"]}]},{\"@type\":\"ImageObject\",\"inLanguage\":\"es-CO\",\"@id\":\"https:\/\/linesnlights.com\/?product=litolamp-3c#primaryimage\",\"url\":\"https:\/\/linesnlights.com\/wp-content\/uploads\/2026\/03\/LitoLamp-3c.png\",\"contentUrl\":\"https:\/\/linesnlights.com\/wp-content\/uploads\/2026\/03\/LitoLamp-3c.png\",\"width\":1080,\"height\":1080},{\"@type\":\"BreadcrumbList\",\"@id\":\"https:\/\/linesnlights.com\/?product=litolamp-3c#breadcrumb\",\"itemListElement\":[{\"@type\":\"ListItem\",\"position\":1,\"name\":\"Inicio\",\"item\":\"https:\/\/linesnlights.com\/\"},{\"@type\":\"ListItem\",\"position\":2,\"name\":\"Tienda\",\"item\":\"https:\/\/linesnlights.com\/?page_id=11\"},{\"@type\":\"ListItem\",\"position\":3,\"name\":\"Lito Lamp 3c\"}]},{\"@type\":\"WebSite\",\"@id\":\"https:\/\/linesnlights.com\/#website\",\"url\":\"https:\/\/linesnlights.com\/\",\"name\":\"http:\/\/linesnlights.com\",\"description\":\"Litofan\u00edas en llaveros, L\u00e1mparas, luces, portal\u00e1pices y decorativos para mesa y escritorio.  Bogot\u00e1 Colombia.\",\"publisher\":{\"@id\":\"https:\/\/linesnlights.com\/#organization\"},\"alternateName\":\"Lines & Lights\",\"potentialAction\":[{\"@type\":\"SearchAction\",\"target\":{\"@type\":\"EntryPoint\",\"urlTemplate\":\"https:\/\/linesnlights.com\/?s={search_term_string}\"},\"query-input\":{\"@type\":\"PropertyValueSpecification\",\"valueRequired\":true,\"valueName\":\"search_term_string\"}}],\"inLanguage\":\"es-CO\"},{\"@type\":\"Organization\",\"@id\":\"https:\/\/linesnlights.com\/#organization\",\"name\":\"http:\/\/linesnlights.com\",\"url\":\"https:\/\/linesnlights.com\/\",\"logo\":{\"@type\":\"ImageObject\",\"inLanguage\":\"es-CO\",\"@id\":\"https:\/\/linesnlights.com\/#\/schema\/logo\/image\/\",\"url\":\"http:\/\/linesnlights.com\/wp-content\/uploads\/2025\/09\/imagen_2025-09-10_224204040.png\",\"contentUrl\":\"http:\/\/linesnlights.com\/wp-content\/uploads\/2025\/09\/imagen_2025-09-10_224204040.png\",\"width\":715,\"height\":555,\"caption\":\"http:\/\/linesnlights.com\"},\"image\":{\"@id\":\"https:\/\/linesnlights.com\/#\/schema\/logo\/image\/\"},\"sameAs\":[\"https:\/\/www.facebook.com\/people\/Lines-Lights\/61580644528999\/\",\"https:\/\/www.instagram.com\/linesnlights.col\/\",\"https:\/\/www.tiktok.com\/@linesnlights\"]}]}<\/script>\n<!-- \/ Yoast SEO plugin. -->","yoast_head_json":{"title":"Lito Lamp 3c - http:\/\/linesnlights.com","robots":{"index":"index","follow":"follow","max-snippet":"max-snippet:-1","max-image-preview":"max-image-preview:large","max-video-preview":"max-video-preview:-1"},"canonical":"https:\/\/linesnlights.com\/?product=litolamp-3c","og_locale":"es_ES","og_type":"article","og_title":"Lito Lamp 3c - http:\/\/linesnlights.com","og_description":"Un dise\u00f1o \u00fanico que combina elegancia y sostenibilidad Descubre la l\u00e1mpara personalizable perfecta para complementar tu espacio de trabajo o mesa de noche. Con una base de 15 cm y una altura de 20 cm, este producto destaca por su dise\u00f1o moderno y funcional. Adem\u00e1s, incluye tres litofanias personalizables de 13.5 cm, donde puedes agregar [&hellip;]","og_url":"https:\/\/linesnlights.com\/?product=litolamp-3c","og_site_name":"http:\/\/linesnlights.com","article_publisher":"https:\/\/www.facebook.com\/people\/Lines-Lights\/61580644528999\/","article_modified_time":"2026-03-23T00:21:11+00:00","og_image":[{"width":1080,"height":1080,"url":"https:\/\/linesnlights.com\/wp-content\/uploads\/2026\/03\/LitoLamp-3c.png","type":"image\/png"}],"twitter_card":"summary_large_image","twitter_misc":{"Tiempo de lectura":"1 minuto"},"schema":{"@context":"https:\/\/schema.org","@graph":[{"@type":"WebPage","@id":"https:\/\/linesnlights.com\/?product=litolamp-3c","url":"https:\/\/linesnlights.com\/?product=litolamp-3c","name":"Lito Lamp 3c - http:\/\/linesnlights.com","isPartOf":{"@id":"https:\/\/linesnlights.com\/#website"},"primaryImageOfPage":{"@id":"https:\/\/linesnlights.com\/?product=litolamp-3c#primaryimage"},"image":{"@id":"https:\/\/linesnlights.com\/?product=litolamp-3c#primaryimage"},"thumbnailUrl":"https:\/\/linesnlights.com\/wp-content\/uploads\/2026\/03\/LitoLamp-3c.png","datePublished":"2026-03-18T06:31:01+00:00","dateModified":"2026-03-23T00:21:11+00:00","breadcrumb":{"@id":"https:\/\/linesnlights.com\/?product=litolamp-3c#breadcrumb"},"inLanguage":"es-CO","potentialAction":[{"@type":"ReadAction","target":["https:\/\/linesnlights.com\/?product=litolamp-3c"]}]},{"@type":"ImageObject","inLanguage":"es-CO","@id":"https:\/\/linesnlights.com\/?product=litolamp-3c#primaryimage","url":"https:\/\/linesnlights.com\/wp-content\/uploads\/2026\/03\/LitoLamp-3c.png","contentUrl":"https:\/\/linesnlights.com\/wp-content\/uploads\/2026\/03\/LitoLamp-3c.png","width":1080,"height":1080},{"@type":"BreadcrumbList","@id":"https:\/\/linesnlights.com\/?product=litolamp-3c#breadcrumb","itemListElement":[{"@type":"ListItem","position":1,"name":"Inicio","item":"https:\/\/linesnlights.com\/"},{"@type":"ListItem","position":2,"name":"Tienda","item":"https:\/\/linesnlights.com\/?page_id=11"},{"@type":"ListItem","position":3,"name":"Lito Lamp 3c"}]},{"@type":"WebSite","@id":"https:\/\/linesnlights.com\/#website","url":"https:\/\/linesnlights.com\/","name":"http:\/\/linesnlights.com","description":"Litofan\u00edas en llaveros, L\u00e1mparas, luces, portal\u00e1pices y decorativos para mesa y escritorio.  Bogot\u00e1 Colombia.","publisher":{"@id":"https:\/\/linesnlights.com\/#organization"},"alternateName":"Lines & Lights","potentialAction":[{"@type":"SearchAction","target":{"@type":"EntryPoint","urlTemplate":"https:\/\/linesnlights.com\/?s={search_term_string}"},"query-input":{"@type":"PropertyValueSpecification","valueRequired":true,"valueName":"search_term_string"}}],"inLanguage":"es-CO"},{"@type":"Organization","@id":"https:\/\/linesnlights.com\/#organization","name":"http:\/\/linesnlights.com","url":"https:\/\/linesnlights.com\/","logo":{"@type":"ImageObject","inLanguage":"es-CO","@id":"https:\/\/linesnlights.com\/#\/schema\/logo\/image\/","url":"http:\/\/linesnlights.com\/wp-content\/uploads\/2025\/09\/imagen_2025-09-10_224204040.png","contentUrl":"http:\/\/linesnlights.com\/wp-content\/uploads\/2025\/09\/imagen_2025-09-10_224204040.png","width":715,"height":555,"caption":"http:\/\/linesnlights.com"},"image":{"@id":"https:\/\/linesnlights.com\/#\/schema\/logo\/image\/"},"sameAs":["https:\/\/www.facebook.com\/people\/Lines-Lights\/61580644528999\/","https:\/\/www.instagram.com\/linesnlights.col\/","https:\/\/www.tiktok.com\/@linesnlights"]}]}},"_links":{"self":[{"href":"https:\/\/linesnlights.com\/index.php?rest_route=\/wp\/v2\/product\/136","targetHints":{"allow":["GET"]}}],"collection":[{"href":"https:\/\/linesnlights.com\/index.php?rest_route=\/wp\/v2\/product"}],"about":[{"href":"https:\/\/linesnlights.com\/index.php?rest_route=\/wp\/v2\/types\/product"}],"replies":[{"embeddable":true,"href":"https:\/\/linesnlights.com\/index.php?rest_route=%2Fwp%2Fv2%2Fcomments&post=136"}],"wp:featuredmedia":[{"embeddable":true,"href":"https:\/\/linesnlights.com\/index.php?rest_route=\/wp\/v2\/media\/141"}],"wp:attachment":[{"href":"https:\/\/linesnlights.com\/index.php?rest_route=%2Fwp%2Fv2%2Fmedia&parent=136"}],"wp:term":[{"taxonomy":"product_brand","embeddable":true,"href":"https:\/\/linesnlights.com\/index.php?rest_route=%2Fwp%2Fv2%2Fproduct_brand&post=136"},{"taxonomy":"product_cat","embeddable":true,"href":"https:\/\/linesnlights.com\/index.php?rest_route=%2Fwp%2Fv2%2Fproduct_cat&post=136"},{"taxonomy":"product_tag","embeddable":true,"href":"https:\/\/linesnlights.com\/index.php?rest_route=%2Fwp%2Fv2%2Fproduct_tag&post=136"}],"curies":[{"name":"wp","href":"https:\/\/api.w.org\/{rel}","templated":true}]}}